{"id":2125,"date":"2019-05-09T15:14:28","date_gmt":"2019-05-09T15:14:28","guid":{"rendered":"https:\/\/www.57pdm.org\/mitglied-werden\/"},"modified":"2025-10-21T05:28:28","modified_gmt":"2025-10-21T05:28:28","slug":"mitglied-werden","status":"publish","type":"page","link":"https:\/\/www.57pdm.org\/de\/participer\/mitglied-werden\/","title":{"rendered":"Mitglied werden"},"content":{"rendered":"<p>[et_pb_section fb_built=&#8220;1&#8243; _builder_version=&#8220;4.9.4&#8243; _module_preset=&#8220;default&#8220; global_colors_info=&#8220;{}&#8220;][et_pb_row column_structure=&#8220;1_2,1_2&#8243; _builder_version=&#8220;4.9.4&#8243; _module_preset=&#8220;default&#8220; global_colors_info=&#8220;{}&#8220;][et_pb_column type=&#8220;1_2&#8243; _builder_version=&#8220;4.14.8&#8243; _module_preset=&#8220;default&#8220; global_colors_info=&#8220;{}&#8220;][\/et_pb_column][et_pb_column type=&#8220;1_2&#8243; _builder_version=&#8220;4.9.4&#8243; _module_preset=&#8220;default&#8220; global_colors_info=&#8220;{}&#8220;][et_pb_text _builder_version=&#8220;4.14.8&#8243; _module_preset=&#8220;default&#8220; custom_margin=&#8220;|||-563px||&#8220; custom_padding=&#8220;4px|||||&#8220; link_option_url=&#8220;https:\/\/www.paypal.com\/ncp\/payment\/XFWEEU8KWKXNY&#8220; global_colors_info=&#8220;{}&#8220;]<\/p>\n<h3><span style=\"color: #ff0000;\"><strong>Unterst\u00fctzen Sie unsere Aktion mit einer Mitgliedschaft!<\/strong><\/span><\/h3>\n<h5><strong><\/strong><\/h5>\n<h6><strong>Jahresbeitrag:\u00a0 \u00a0 \u00a0 \u00a0 \u00a0 \u00a0 \u00a0 \u00a0 \u00a0 \u00a0 \u00a0 \u00a0 \u00a0 \u00a0 \u00a0 \u00a0 \u00a0 \u00a0 \u00a0 \u00a0 \u00a0 \u20ac 45<\/strong><\/h6>\n<p><strong><\/strong><\/p>\n<p><strong><\/strong><\/p>\n<p><strong><\/strong><\/p>\n<h6>Mitgliedschaft Paar:<strong>\u00a0 \u00a0 \u00a0 \u00a0 \u00a0 \u00a0 \u00a0 \u00a0 \u00a0 \u00a0 \u00a0 \u00a0 \u00a0 \u00a0 \u00a0\u20ac 60<\/strong><strong><\/strong><\/h6>\n<h6><\/h6>\n<h6>Erm\u00e4<span>\u00dfigte Mitgliedschaft:\u00a0 \u00a0 \u00a0 \u00a0 \u00a0 \u00a0 \u00a0 \u00a0 <\/span><strong>\u20ac 15<\/strong><\/h6>\n<h6><span>(Studenten, Arbeitslosen&#8230;)<\/span><\/h6>\n<h6><\/h6>\n<h6><\/h6>\n<h6><\/h6>\n<h6><\/h6>\n<h6>Steuerpflichtige Arbeitnehmer in Frankreich d\u00fcrfen 66% des Beitrags von ihrer Einkommensteuer absetzen. Selbst\u00e4ndige d\u00fcrfen den Beitrag in den Betriebsaufwand einbeziehen.<\/h6>\n<h6><\/h6>\n<h6>Eine Spendenbescheinigung wird ausgestellt.\u206a<\/h6>\n<h6><\/h6>\n<p>[\/et_pb_text][\/et_pb_column][\/et_pb_row][et_pb_row _builder_version=&#8220;4.9.4&#8243; _module_preset=&#8220;default&#8220; global_colors_info=&#8220;{}&#8220;][et_pb_column type=&#8220;4_4&#8243; _builder_version=&#8220;4.9.4&#8243; _module_preset=&#8220;default&#8220; global_colors_info=&#8220;{}&#8220;][et_pb_button button_url=&#8220;https:\/\/unserland.finpol.fr\/Moselle?fbclid=IwY2xjawNj-BRleHRuA2FlbQIxMQABHn8FFiRR-ncpDaSAOZiXrVwrSxu6LOYlFR08A9wwAYWdgrLLPVQ4QC-ZF5co_aem_NVe3azqSSMmW-tLhCWpmpA&#8220; button_text=&#8220;Mitglied werden&#8220; _builder_version=&#8220;4.14.8&#8243; _module_preset=&#8220;default&#8220; hover_enabled=&#8220;0&#8243; global_colors_info=&#8220;{}&#8220; sticky_enabled=&#8220;0&#8243;][\/et_pb_button][\/et_pb_column][\/et_pb_row][\/et_pb_section]<\/p>\n","protected":false},"excerpt":{"rendered":"<p>Unterst\u00fctzen Sie unsere Aktion mit einer Mitgliedschaft! Jahresbeitrag:\u00a0 \u00a0 \u00a0 \u00a0 \u00a0 \u00a0 \u00a0 \u00a0 \u00a0 \u00a0 \u00a0 \u00a0 \u00a0 \u00a0 \u00a0 \u00a0 \u00a0 \u00a0 \u00a0 \u00a0 \u00a0 \u20ac 45 Mitgliedschaft Paar:\u00a0 \u00a0 \u00a0 \u00a0 \u00a0 \u00a0 \u00a0 \u00a0 \u00a0 \u00a0 \u00a0 \u00a0 \u00a0 \u00a0 \u00a0\u20ac 60 Erm\u00e4\u00dfigte Mitgliedschaft:\u00a0 \u00a0 \u00a0 \u00a0 \u00a0 \u00a0 \u00a0 [&hellip;]<\/p>\n","protected":false},"author":1,"featured_media":0,"parent":2088,"menu_order":2,"comment_status":"closed","ping_status":"closed","template":"","meta":{"_et_pb_use_builder":"on","_et_pb_old_content":"","_et_gb_content_width":"","footnotes":""},"class_list":["post-2125","page","type-page","status-publish","hentry"],"_links":{"self":[{"href":"https:\/\/www.57pdm.org\/de\/wp-json\/wp\/v2\/pages\/2125","targetHints":{"allow":["GET"]}}],"collection":[{"href":"https:\/\/www.57pdm.org\/de\/wp-json\/wp\/v2\/pages"}],"about":[{"href":"https:\/\/www.57pdm.org\/de\/wp-json\/wp\/v2\/types\/page"}],"author":[{"embeddable":true,"href":"https:\/\/www.57pdm.org\/de\/wp-json\/wp\/v2\/users\/1"}],"replies":[{"embeddable":true,"href":"https:\/\/www.57pdm.org\/de\/wp-json\/wp\/v2\/comments?post=2125"}],"version-history":[{"count":17,"href":"https:\/\/www.57pdm.org\/de\/wp-json\/wp\/v2\/pages\/2125\/revisions"}],"predecessor-version":[{"id":9676,"href":"https:\/\/www.57pdm.org\/de\/wp-json\/wp\/v2\/pages\/2125\/revisions\/9676"}],"up":[{"embeddable":true,"href":"https:\/\/www.57pdm.org\/de\/wp-json\/wp\/v2\/pages\/2088"}],"wp:attachment":[{"href":"https:\/\/www.57pdm.org\/de\/wp-json\/wp\/v2\/media?parent=2125"}],"curies":[{"name":"wp","href":"https:\/\/api.w.org\/{rel}","templated":true}]}}